{"id":722,"date":"2024-12-30T16:50:38","date_gmt":"2024-12-30T16:50:38","guid":{"rendered":"https:\/\/site-internetweb.fr\/montagne-escape.com\/?page_id=722"},"modified":"2026-01-21T15:01:13","modified_gmt":"2026-01-21T15:01:13","slug":"maroc-escalade","status":"publish","type":"page","link":"https:\/\/montagne-escape.com\/en\/maroc-escalade\/","title":{"rendered":"MAROC &#8211;\u00a0ESCALADE"},"content":{"rendered":"<p>[et_pb_section fb_built=\u00a0\u00bb1&Prime; fullwidth=\u00a0\u00bbon\u00a0\u00bb admin_label=\u00a0\u00bbHero\u00a0\u00bb _builder_version=\u00a0\u00bb4.16&Prime; background_color=\u00a0\u00bb#233b4e\u00a0\u00bb parallax=\u00a0\u00bbon\u00a0\u00bb custom_padding=\u00a0\u00bb0px|0px|0px|0px||\u00a0\u00bb da_disable_devices=\u00a0\u00bboff|off|off\u00a0\u00bb global_colors_info=\u00a0\u00bb{}\u00a0\u00bb da_is_popup=\u00a0\u00bboff\u00a0\u00bb da_exit_intent=\u00a0\u00bboff\u00a0\u00bb da_has_close=\u00a0\u00bbon\u00a0\u00bb da_alt_close=\u00a0\u00bboff\u00a0\u00bb da_dark_close=\u00a0\u00bboff\u00a0\u00bb da_not_modal=\u00a0\u00bbon\u00a0\u00bb da_is_singular=\u00a0\u00bboff\u00a0\u00bb da_with_loader=\u00a0\u00bboff\u00a0\u00bb da_has_shadow=\u00a0\u00bbon\u00a0\u00bb][et_pb_fullwidth_slider _builder_version=\u00a0\u00bb4.27.4&Prime; _module_preset=\u00a0\u00bbdefault\u00a0\u00bb global_colors_info=\u00a0\u00bb{}\u00a0\u00bb][et_pb_slide _builder_version=\u00a0\u00bb4.27.4&Prime; _module_preset=\u00a0\u00bbdefault\u00a0\u00bb background_enable_color=\u00a0\u00bboff\u00a0\u00bb background_image=\u00a0\u00bbhttps:\/\/montagne-escape.com\/wp-content\/uploads\/2024\/12\/b15e55_121fd232410e4c05b40267df64dd23b0mv2-scaled.jpeg\u00a0\u00bb background_enable_image=\u00a0\u00bbon\u00a0\u00bb global_colors_info=\u00a0\u00bb{}\u00a0\u00bb sticky_transition=\u00a0\u00bbon\u00a0\u00bb][\/et_pb_slide][et_pb_slide _builder_version=\u00a0\u00bb4.27.4&Prime; _module_preset=\u00a0\u00bbdefault\u00a0\u00bb background_enable_color=\u00a0\u00bboff\u00a0\u00bb background_image=\u00a0\u00bbhttps:\/\/montagne-escape.com\/wp-content\/uploads\/2024\/12\/b15e55_13c2919a6490461e9f72f923af5335femv2-scaled.jpeg\u00a0\u00bb background_enable_image=\u00a0\u00bbon\u00a0\u00bb global_colors_info=\u00a0\u00bb{}\u00a0\u00bb sticky_transition=\u00a0\u00bbon\u00a0\u00bb][\/et_pb_slide][et_pb_slide _builder_version=\u00a0\u00bb4.27.4&Prime; _module_preset=\u00a0\u00bbdefault\u00a0\u00bb background_enable_color=\u00a0\u00bboff\u00a0\u00bb background_image=\u00a0\u00bbhttps:\/\/montagne-escape.com\/wp-content\/uploads\/2024\/12\/b15e55_cefbf52741704e0787a2810a94d2b064mv2.jpeg\u00a0\u00bb background_enable_image=\u00a0\u00bbon\u00a0\u00bb global_colors_info=\u00a0\u00bb{}\u00a0\u00bb sticky_transition=\u00a0\u00bbon\u00a0\u00bb][\/et_pb_slide][et_pb_slide _builder_version=\u00a0\u00bb4.27.4&Prime; _module_preset=\u00a0\u00bbdefault\u00a0\u00bb background_enable_color=\u00a0\u00bboff\u00a0\u00bb background_image=\u00a0\u00bbhttps:\/\/montagne-escape.com\/wp-content\/uploads\/2024\/12\/b15e55_2b08c514a5954632b69ba211e0ff7227mv2-scaled.jpeg\u00a0\u00bb background_enable_image=\u00a0\u00bbon\u00a0\u00bb global_colors_info=\u00a0\u00bb{}\u00a0\u00bb sticky_transition=\u00a0\u00bbon\u00a0\u00bb][\/et_pb_slide][\/et_pb_fullwidth_slider][\/et_pb_section][et_pb_section fb_built=\u00a0\u00bb1&Prime; _builder_version=\u00a0\u00bb4.27.4&Prime; custom_padding=\u00a0\u00bb0px||0px|||\u00a0\u00bb da_disable_devices=\u00a0\u00bboff|off|off\u00a0\u00bb global_colors_info=\u00a0\u00bb{}\u00a0\u00bb da_is_popup=\u00a0\u00bboff\u00a0\u00bb da_exit_intent=\u00a0\u00bboff\u00a0\u00bb da_has_close=\u00a0\u00bbon\u00a0\u00bb da_alt_close=\u00a0\u00bboff\u00a0\u00bb da_dark_close=\u00a0\u00bboff\u00a0\u00bb da_not_modal=\u00a0\u00bbon\u00a0\u00bb da_is_singular=\u00a0\u00bboff\u00a0\u00bb da_with_loader=\u00a0\u00bboff\u00a0\u00bb da_has_shadow=\u00a0\u00bbon\u00a0\u00bb][et_pb_row column_structure=\u00a0\u00bb1_2,1_2&Prime; use_custom_gutter=\u00a0\u00bbon\u00a0\u00bb gutter_width=\u00a0\u00bb1&Prime; make_equal=\u00a0\u00bbon\u00a0\u00bb _builder_version=\u00a0\u00bb4.27.4&Prime; width=\u00a0\u00bb100%\u00a0\u00bb max_width=\u00a0\u00bb2560px\u00a0\u00bb custom_padding=\u00a0\u00bb0px||0px|||\u00a0\u00bb global_colors_info=\u00a0\u00bb{}\u00a0\u00bb][et_pb_column type=\u00a0\u00bb1_2&Prime; _builder_version=\u00a0\u00bb4.27.4&Prime; custom_padding=\u00a0\u00bb100px|100px|100px|100px|true|true\u00a0\u00bb custom_padding_tablet=\u00a0\u00bb100px|100px|100px|100px|true|true\u00a0\u00bb custom_padding_phone=\u00a0\u00bb25px|10px|25px|10px|true|true\u00a0\u00bb custom_padding_last_edited=\u00a0\u00bbon|phone\u00a0\u00bb global_colors_info=\u00a0\u00bb{}\u00a0\u00bb custom_padding__hover=\u00a0\u00bb|||\u00a0\u00bb][et_pb_text admin_label=\u00a0\u00bbDiscover Beatuty Sub Title\u00a0\u00bb _builder_version=\u00a0\u00bb4.27.4&Prime; text_font=\u00a0\u00bbRoboto||||\u00a0\u00bb text_text_color=\u00a0\u00bb#1a1a1a\u00a0\u00bb text_font_size=\u00a0\u00bb24px\u00a0\u00bb text_line_height=\u00a0\u00bb1.4em\u00a0\u00bb animation_style=\u00a0\u00bbslide\u00a0\u00bb animation_direction=\u00a0\u00bbtop\u00a0\u00bb animation_delay=\u00a0\u00bb100ms\u00a0\u00bb animation_intensity_slide=\u00a0\u00bb10%\u00a0\u00bb global_colors_info=\u00a0\u00bb{}\u00a0\u00bb]<\/p>\n<p><span class=\"wixui-rich-text__text\">MAROC &#8211; Taghia et gorge de Todra :<span>\u00a0<\/span>ESCALADE<\/span><\/p>\n<p>[\/et_pb_text][et_pb_divider divider_position=\u00a0\u00bbcenter\u00a0\u00bb divider_weight=\u00a0\u00bb3px\u00a0\u00bb disabled_on=\u00a0\u00bboff|off|off\u00a0\u00bb _builder_version=\u00a0\u00bb4.27.4&Prime; max_width=\u00a0\u00bb150px\u00a0\u00bb module_alignment=\u00a0\u00bbleft\u00a0\u00bb height=\u00a0\u00bbfalse\u00a0\u00bb animation_style=\u00a0\u00bbslide\u00a0\u00bb animation_direction=\u00a0\u00bbtop\u00a0\u00bb animation_delay=\u00a0\u00bb100ms\u00a0\u00bb animation_intensity_slide=\u00a0\u00bb10%\u00a0\u00bb locked=\u00a0\u00bboff\u00a0\u00bb global_colors_info=\u00a0\u00bb{}\u00a0\u00bb][\/et_pb_divider][et_pb_text disabled_on=\u00a0\u00bbon|on|off%22%22&Prime; admin_label=\u00a0\u00bbDiscover Beatuty Text\u00a0\u00bb _builder_version=\u00a0\u00bb4.27.4&Prime; text_font=\u00a0\u00bbRoboto||||\u00a0\u00bb text_font_size=\u00a0\u00bb16px\u00a0\u00bb text_line_height=\u00a0\u00bb1.9em\u00a0\u00bb custom_padding=\u00a0\u00bb30px|||\u00a0\u00bb animation_style=\u00a0\u00bbslide\u00a0\u00bb animation_direction=\u00a0\u00bbtop\u00a0\u00bb animation_delay=\u00a0\u00bb300ms\u00a0\u00bb animation_intensity_slide=\u00a0\u00bb10%\u00a0\u00bb global_colors_info=\u00a0\u00bb{}\u00a0\u00bb]<\/p>\n<p class=\"font_8 wixui-rich-text__text\"><span class=\"wixui-rich-text__text\">A 1h de vol de l&rsquo;hexagone, venez, le temps d&rsquo;une semaine, vous d\u00e9payser dans une nature et des paysages mythiques. Cette r\u00e9gion de l&rsquo;Atlas bien sauvage est remplie de tours de calcaire. Le village de Taghia est le camp de base id\u00e9ale pour de l&rsquo;escalade en terrain d&rsquo;aventure ou pour de l&rsquo;escalade sportive. On pourra aussi rejoindre \u00e0 pied les gorges de Todra.<\/span><\/p>\n<p class=\"font_8 wixui-rich-text__text\"><br class=\"wixui-rich-text__text\" \/><span class=\"wixui-rich-text__text\">On sera h\u00e9berg\u00e9 dans un g\u00eete berb\u00e8re avec les traditionnels couscous et tajine maison.<\/span><\/p>\n<p>[\/et_pb_text][\/et_pb_column][et_pb_column type=\u00a0\u00bb1_2&Prime; _builder_version=\u00a0\u00bb4.27.4&Prime; background_image=\u00a0\u00bbhttps:\/\/montagne-escape.com\/wp-content\/uploads\/2024\/12\/70049344-Rock-climbing-Todra-gorge-Morocco-1000&#215;665-1.jpg\u00a0\u00bb custom_padding=\u00a0\u00bb110px||110px||true|false\u00a0\u00bb global_colors_info=\u00a0\u00bb{}\u00a0\u00bb custom_padding__hover=\u00a0\u00bb|||\u00a0\u00bb][\/et_pb_column][\/et_pb_row][et_pb_row column_structure=\u00a0\u00bb1_2,1_2&Prime; use_custom_gutter=\u00a0\u00bbon\u00a0\u00bb gutter_width=\u00a0\u00bb1&Prime; make_equal=\u00a0\u00bbon\u00a0\u00bb _builder_version=\u00a0\u00bb4.27.4&Prime; width=\u00a0\u00bb100%\u00a0\u00bb max_width=\u00a0\u00bb2560px\u00a0\u00bb custom_padding=\u00a0\u00bb0px||0px|||\u00a0\u00bb global_colors_info=\u00a0\u00bb{}\u00a0\u00bb][et_pb_column type=\u00a0\u00bb1_2&Prime; _builder_version=\u00a0\u00bb4.27.4&Prime; background_image=\u00a0\u00bbhttps:\/\/montagne-escape.com\/wp-content\/uploads\/2024\/12\/IMG_20240403_173051-1170&#215;878-1.jpg\u00a0\u00bb custom_padding=\u00a0\u00bb110px||110px||true|false\u00a0\u00bb global_colors_info=\u00a0\u00bb{}\u00a0\u00bb custom_padding__hover=\u00a0\u00bb|||\u00a0\u00bb][\/et_pb_column][et_pb_column type=\u00a0\u00bb1_2&Prime; _builder_version=\u00a0\u00bb4.27.4&Prime; custom_padding=\u00a0\u00bb100px|100px|100px|100px|true|true\u00a0\u00bb custom_padding_tablet=\u00a0\u00bb100px|100px|100px|100px|true|true\u00a0\u00bb custom_padding_phone=\u00a0\u00bb25px|10px|25px|10px|true|true\u00a0\u00bb custom_padding_last_edited=\u00a0\u00bbon|phone\u00a0\u00bb global_colors_info=\u00a0\u00bb{}\u00a0\u00bb custom_padding__hover=\u00a0\u00bb|||\u00a0\u00bb][et_pb_text admin_label=\u00a0\u00bbDiscover Beatuty Sub Title\u00a0\u00bb _builder_version=\u00a0\u00bb4.27.4&Prime; text_font=\u00a0\u00bbRoboto||||\u00a0\u00bb text_text_color=\u00a0\u00bb#1a1a1a\u00a0\u00bb text_font_size=\u00a0\u00bb24px\u00a0\u00bb text_line_height=\u00a0\u00bb1.4em\u00a0\u00bb custom_margin=\u00a0\u00bb||-3px|||\u00a0\u00bb animation_style=\u00a0\u00bbslide\u00a0\u00bb animation_direction=\u00a0\u00bbtop\u00a0\u00bb animation_intensity_slide=\u00a0\u00bb10%\u00a0\u00bb global_colors_info=\u00a0\u00bb{}\u00a0\u00bb]<\/p>\n<p style=\"text-align: left;\"><span class=\"wixui-rich-text__text\">IMPORTANT<\/span><span>:<\/span><\/p>\n<p>[\/et_pb_text][et_pb_divider divider_position=\u00a0\u00bbcenter\u00a0\u00bb divider_weight=\u00a0\u00bb3px\u00a0\u00bb disabled_on=\u00a0\u00bboff|off|off\u00a0\u00bb _builder_version=\u00a0\u00bb4.27.4&Prime; max_width=\u00a0\u00bb150px\u00a0\u00bb module_alignment=\u00a0\u00bbleft\u00a0\u00bb height=\u00a0\u00bbfalse\u00a0\u00bb animation_style=\u00a0\u00bbslide\u00a0\u00bb animation_direction=\u00a0\u00bbtop\u00a0\u00bb animation_delay=\u00a0\u00bb100ms\u00a0\u00bb animation_intensity_slide=\u00a0\u00bb10%\u00a0\u00bb locked=\u00a0\u00bboff\u00a0\u00bb global_colors_info=\u00a0\u00bb{}\u00a0\u00bb][\/et_pb_divider][et_pb_text disabled_on=\u00a0\u00bbon|on|off%22%22&Prime; admin_label=\u00a0\u00bbDiscover Beatuty Text\u00a0\u00bb _builder_version=\u00a0\u00bb4.27.4&Prime; text_font=\u00a0\u00bbRoboto||||\u00a0\u00bb text_font_size=\u00a0\u00bb16px\u00a0\u00bb text_line_height=\u00a0\u00bb1.9em\u00a0\u00bb custom_padding=\u00a0\u00bb||22px||false|false\u00a0\u00bb animation_style=\u00a0\u00bbslide\u00a0\u00bb animation_direction=\u00a0\u00bbtop\u00a0\u00bb animation_delay=\u00a0\u00bb300ms\u00a0\u00bb animation_intensity_slide=\u00a0\u00bb10%\u00a0\u00bb global_colors_info=\u00a0\u00bb{}\u00a0\u00bb]<\/p>\n<p class=\"font_8 wixui-rich-text__text\" style=\"text-align: left;\"><span class=\"wixui-rich-text__text\">Il n\u2019y a pas de demande de visa pour un voyage de moins de 3 mois.<br \/><\/span><span class=\"wixui-rich-text__text\">Voici un exemple de programme de s\u00e9jour non exhaustif\u00a0<\/span><\/p>\n<p>[\/et_pb_text][et_pb_text disabled_on=\u00a0\u00bbon|on|off%22%22&Prime; admin_label=\u00a0\u00bbDiscover Beatuty Text\u00a0\u00bb _builder_version=\u00a0\u00bb4.27.4&Prime; text_font=\u00a0\u00bbRoboto||||\u00a0\u00bb text_font_size=\u00a0\u00bb16px\u00a0\u00bb text_line_height=\u00a0\u00bb1.9em\u00a0\u00bb background_color=\u00a0\u00bb#04a450&Prime; custom_padding=\u00a0\u00bb15px|15px|15px|15px|true|true\u00a0\u00bb animation_style=\u00a0\u00bbslide\u00a0\u00bb animation_direction=\u00a0\u00bbtop\u00a0\u00bb animation_delay=\u00a0\u00bb300ms\u00a0\u00bb animation_intensity_slide=\u00a0\u00bb10%\u00a0\u00bb border_radii=\u00a0\u00bbon|25px|25px|25px|25px\u00a0\u00bb box_shadow_style=\u00a0\u00bbpreset1&Prime; global_colors_info=\u00a0\u00bb{}\u00a0\u00bb]<\/p>\n<div id=\"comp-k2m5id1k__item1\" class=\"HcOXKn SxM0TO QxJLC3 lq2cno YQcXTT comp-k2m5id1k wixui-rich-text\" data-testid=\"richTextElement\">\n<h4 class=\"font_6 wixui-rich-text__text\" style=\"text-align: center;\"><span class=\"wixui-rich-text__text\" style=\"color: #ffffff;\">PROGRAMME<\/span><\/h4>\n<\/div>\n<div id=\"comp-k2m5pn4q__item1\" class=\"comp-k2m5pn4q SPY_vo\">\n<div data-mesh-id=\"comp-k2m5pn4q__item1inlineContent\" data-testid=\"inline-content\" class=\"\">\n<div data-mesh-id=\"comp-k2m5pn4q__item1inlineContent-gridContainer\" data-testid=\"mesh-container-content\">\n<div id=\"comp-k2m5idfp__item1\" class=\"HcOXKn SxM0TO QxJLC3 lq2cno YQcXTT comp-k2m5idfp wixui-rich-text\" data-testid=\"richTextElement\">\n<p class=\"font_8 wixui-rich-text__text\" style=\"text-align: center;\"><span style=\"color: #ffffff;\"><em><span class=\"wixui-rich-text__text\">2390\u20ac\/personne si 3 personnes<br \/><\/span><span class=\"wixui-rich-text__text\">2500\u20ac\/personne si 2\u00a0personnes<\/span><\/em><\/span><\/p>\n<p class=\"font_8 wixui-rich-text__text\" style=\"text-align: center;\"><span style=\"color: #ffffff;\"><em><span class=\"wixui-rich-text__text\"><\/span><\/em><\/span><\/p>\n<\/div>\n<\/div>\n<\/div>\n<\/div>\n<div id=\"comp-k2m5pqof__item1\" class=\"comp-k2m5pqof SPY_vo\">\n<div data-mesh-id=\"comp-k2m5pqof__item1inlineContent\" data-testid=\"inline-content\" class=\"\">\n<div data-mesh-id=\"comp-k2m5pqof__item1inlineContent-gridContainer\" data-testid=\"mesh-container-content\">\n<div id=\"comp-k2m5pqqc__item1\" class=\"HcOXKn SxM0TO QxJLC3 lq2cno YQcXTT comp-k2m5pqqc wixui-rich-text\" data-testid=\"richTextElement\">\n<h4 class=\"font_8 wixui-rich-text__text\"><span class=\"wixui-rich-text__text\" style=\"color: #ffffff;\">LE PRIX COMPREND<\/span><\/h4>\n<\/div>\n<div id=\"comp-k2m5pquk__item1\" class=\"HcOXKn SxM0TO QxJLC3 lq2cno YQcXTT comp-k2m5pquk wixui-rich-text\" data-testid=\"richTextElement\">\n<ul class=\"font_8 wixui-rich-text__text\">\n<li class=\"wixui-rich-text__text\">\n<p class=\"font_8 wixui-rich-text__text\"><span class=\"wixui-rich-text__text\" style=\"color: #ffffff;\">L&rsquo;organisation<\/span><\/p>\n<\/li>\n<li class=\"wixui-rich-text__text\">\n<p class=\"font_8 wixui-rich-text__text\"><span class=\"wixui-rich-text__text\" style=\"color: #ffffff;\">Le billet d&rsquo;avion France-Marrakech et Marrakech-France<\/span><\/p>\n<\/li>\n<li class=\"wixui-rich-text__text\">\n<p class=\"font_8 wixui-rich-text__text\"><span class=\"wixui-rich-text__text\" style=\"color: #ffffff;\">Le transfert jusqu&rsquo;\u00e0u village de Taghia<\/span><\/p>\n<\/li>\n<li class=\"wixui-rich-text__text\">\n<p class=\"font_8 wixui-rich-text__text\"><span class=\"wixui-rich-text__text\" style=\"color: #ffffff;\">L&rsquo;engagement du guide sur 9 jours<\/span><\/p>\n<\/li>\n<li class=\"wixui-rich-text__text\">\n<p class=\"font_8 wixui-rich-text__text\"><span class=\"color_11 wixui-rich-text__text\" style=\"color: #ffffff;\">8 demi-pensions<\/span><\/p>\n<\/li>\n<li class=\"wixui-rich-text__text\">\n<p class=\"font_8 wixui-rich-text__text\"><span class=\"color_11 wixui-rich-text__text\" style=\"color: #ffffff;\">Le pr\u00eat de mat\u00e9riel<\/span><\/p>\n<\/li>\n<li class=\"wixui-rich-text__text\">\n<p class=\"font_8 wixui-rich-text__text\"><span class=\"color_11 wixui-rich-text__text\" style=\"color: #ffffff;\">L&rsquo;assurance Apriam Voyage<\/span><\/p>\n<\/li>\n<\/ul>\n<\/div>\n<\/div>\n<\/div>\n<\/div>\n<p>[\/et_pb_text][et_pb_text disabled_on=\u00a0\u00bbon|on|off%22%22&Prime; admin_label=\u00a0\u00bbDiscover Beatuty Text\u00a0\u00bb _builder_version=\u00a0\u00bb4.27.4&Prime; text_font=\u00a0\u00bbRoboto||||\u00a0\u00bb text_font_size=\u00a0\u00bb16px\u00a0\u00bb text_line_height=\u00a0\u00bb1.9em\u00a0\u00bb header_3_text_color=\u00a0\u00bb#04a450&Prime; background_color=\u00a0\u00bb#FFFFFF\u00a0\u00bb custom_margin=\u00a0\u00bb20px||||false|false\u00a0\u00bb custom_padding=\u00a0\u00bb15px|15px|15px|15px|true|true\u00a0\u00bb animation_style=\u00a0\u00bbslide\u00a0\u00bb animation_direction=\u00a0\u00bbtop\u00a0\u00bb animation_delay=\u00a0\u00bb300ms\u00a0\u00bb animation_intensity_slide=\u00a0\u00bb10%\u00a0\u00bb border_radii=\u00a0\u00bbon|25px|25px|25px|25px\u00a0\u00bb box_shadow_style=\u00a0\u00bbpreset1&Prime; global_colors_info=\u00a0\u00bb{}\u00a0\u00bb]<\/p>\n<div id=\"comp-k2m5id1k__item1\" class=\"HcOXKn SxM0TO QxJLC3 lq2cno YQcXTT comp-k2m5id1k wixui-rich-text\" data-testid=\"richTextElement\"><\/div>\n<div id=\"comp-k2m5pqof__item1\" class=\"comp-k2m5pqof SPY_vo\">\n<div data-mesh-id=\"comp-k2m5pqof__item1inlineContent\" data-testid=\"inline-content\" class=\"\">\n<div data-mesh-id=\"comp-k2m5pqof__item1inlineContent-gridContainer\" data-testid=\"mesh-container-content\">\n<div id=\"comp-k2m5pquk__item1\" class=\"HcOXKn SxM0TO QxJLC3 lq2cno YQcXTT comp-k2m5pquk wixui-rich-text\" data-testid=\"richTextElement\">\n<h3><span style=\"font-size: 16px;\">LE PRIX NE COMPREND PAS<\/span><\/h3>\n<\/div>\n<\/div>\n<\/div>\n<\/div>\n<div id=\"comp-k2m5w1ba__item1\" class=\"comp-k2m5w1ba SPY_vo\">\n<div data-mesh-id=\"comp-k2m5w1ba__item1inlineContent\" data-testid=\"inline-content\" class=\"\">\n<div data-mesh-id=\"comp-k2m5w1ba__item1inlineContent-gridContainer\" data-testid=\"mesh-container-content\">\n<div id=\"comp-k2m5w1g6__item1\" class=\"SsY_2i comp-k2m5w1g6\">\n<div class=\"UGHfip wixui-vertical-line\"><\/div>\n<\/div>\n<div id=\"comp-k2m5w1i5__item1\" class=\"HcOXKn SxM0TO QxJLC3 lq2cno YQcXTT comp-k2m5w1i5 wixui-rich-text\" data-testid=\"richTextElement\">\n<ul class=\"font_8 color_11 wixui-rich-text__text\">\n<li class=\"wixui-rich-text__text\">\n<p class=\"font_8 wixui-rich-text__text\"><span class=\"color_11 wixui-rich-text__text\"><span class=\"wixui-rich-text__text\">Les boissons extra<\/span><\/span><\/p>\n<\/li>\n<li class=\"wixui-rich-text__text\">\n<p class=\"font_8 wixui-rich-text__text\"><span class=\"color_11 wixui-rich-text__text\"><span class=\"wixui-rich-text__text\">D&rsquo;autres d\u00e9penses non-cit\u00e9s dans la section \u00ab\u00a0Le prix comprends\u00a0\u00bb<\/span><\/span><\/p>\n<\/li>\n<\/ul>\n<\/div>\n<\/div>\n<\/div>\n<\/div>\n<div id=\"comp-k2m62kdw__item1\" class=\"comp-k2m62kdw SPY_vo\">\n<div data-mesh-id=\"comp-k2m62kdw__item1inlineContent\" data-testid=\"inline-content\" class=\"\">\n<div data-mesh-id=\"comp-k2m62kdw__item1inlineContent-gridContainer\" data-testid=\"mesh-container-content\">\n<div id=\"comp-k2m62kgm__item1\" class=\"HcOXKn SxM0TO QxJLC3 lq2cno YQcXTT comp-k2m62kgm wixui-rich-text\" data-testid=\"richTextElement\"><\/div>\n<\/div>\n<\/div>\n<\/div>\n<div id=\"comp-k2m69ciq__item1\" class=\"comp-k2m69ciq SPY_vo\">\n<div data-mesh-id=\"comp-k2m69ciq__item1inlineContent\" data-testid=\"inline-content\" class=\"\">\n<div data-mesh-id=\"comp-k2m69ciq__item1inlineContent-gridContainer\" data-testid=\"mesh-container-content\">\n<div id=\"comp-k2m69cr6__item1\" class=\"HcOXKn SxM0TO QxJLC3 lq2cno YQcXTT comp-k2m69cr6 wixui-rich-text\" data-testid=\"richTextElement\">\n<p class=\"font_8 wixui-rich-text__text\">\n<\/div>\n<\/div>\n<\/div>\n<\/div>\n<p>[\/et_pb_text][et_pb_text disabled_on=\u00a0\u00bbon|on|off%22%22&Prime; admin_label=\u00a0\u00bbDiscover Beatuty Text\u00a0\u00bb _builder_version=\u00a0\u00bb4.27.4&Prime; text_font=\u00a0\u00bbRoboto||||\u00a0\u00bb text_font_size=\u00a0\u00bb16px\u00a0\u00bb text_line_height=\u00a0\u00bb1.9em\u00a0\u00bb background_color=\u00a0\u00bb#04a450&Prime; custom_margin=\u00a0\u00bb20px||||false|false\u00a0\u00bb custom_padding=\u00a0\u00bb15px|15px|15px|15px|true|true\u00a0\u00bb animation_style=\u00a0\u00bbslide\u00a0\u00bb animation_direction=\u00a0\u00bbtop\u00a0\u00bb animation_delay=\u00a0\u00bb300ms\u00a0\u00bb animation_intensity_slide=\u00a0\u00bb10%\u00a0\u00bb border_radii=\u00a0\u00bbon|25px|25px|25px|25px\u00a0\u00bb box_shadow_style=\u00a0\u00bbpreset1&Prime; global_colors_info=\u00a0\u00bb{}\u00a0\u00bb]<\/p>\n<div id=\"comp-k2m5id1k__item1\" class=\"HcOXKn SxM0TO QxJLC3 lq2cno YQcXTT comp-k2m5id1k wixui-rich-text\" data-testid=\"richTextElement\"><\/div>\n<div id=\"comp-k2m5pqof__item1\" class=\"comp-k2m5pqof SPY_vo\">\n<div data-mesh-id=\"comp-k2m5pqof__item1inlineContent\" data-testid=\"inline-content\" class=\"\">\n<div data-mesh-id=\"comp-k2m5pqof__item1inlineContent-gridContainer\" data-testid=\"mesh-container-content\">\n<div id=\"comp-k2m5pquk__item1\" class=\"HcOXKn SxM0TO QxJLC3 lq2cno YQcXTT comp-k2m5pquk wixui-rich-text\" data-testid=\"richTextElement\"><\/div>\n<\/div>\n<\/div>\n<\/div>\n<div id=\"comp-k2m62kdw__item1\" class=\"comp-k2m62kdw SPY_vo\">\n<div data-mesh-id=\"comp-k2m62kdw__item1inlineContent\" data-testid=\"inline-content\" class=\"\">\n<div data-mesh-id=\"comp-k2m62kdw__item1inlineContent-gridContainer\" data-testid=\"mesh-container-content\">\n<div id=\"comp-k2m62kgm__item1\" class=\"HcOXKn SxM0TO QxJLC3 lq2cno YQcXTT comp-k2m62kgm wixui-rich-text\" data-testid=\"richTextElement\">\n<h3 class=\"font_8 wixui-rich-text__text\"><span class=\"wixui-rich-text__text\" style=\"color: #ffffff;\">NIVEAU REQUIS<\/span><\/h3>\n<\/div>\n<div id=\"comp-k2m62kjr__item1\" class=\"SsY_2i comp-k2m62kjr\">\n<div class=\"UGHfip wixui-vertical-line\"><\/div>\n<\/div>\n<div id=\"comp-k2m62klx__item1\" class=\"HcOXKn SxM0TO QxJLC3 lq2cno YQcXTT comp-k2m62klx wixui-rich-text\" data-testid=\"richTextElement\">\n<ul>\n<li class=\"font_8 wixui-rich-text__text\"><span class=\"wixui-rich-text__text\" style=\"color: #ffffff;\"><span class=\"color_11 wixui-rich-text__text\">NIVEAU TECHNIQUE<\/span><\/span><\/li>\n<\/ul>\n<p class=\"font_8 wixui-rich-text__text\"><span style=\"color: #ffffff;\">Niveau d&rsquo;escalade 6A\/6B en second.<\/span><\/p>\n<ul>\n<li class=\"font_8 wixui-rich-text__text\"><span class=\"wixui-rich-text__text\" style=\"color: #ffffff;\">NIVEAU PHYSIQUE<\/span><\/li>\n<\/ul>\n<p class=\"font_8 wixui-rich-text__text\"><span style=\"color: #ffffff;\">Bonne condition physique<\/span><\/p>\n<\/div>\n<\/div>\n<\/div>\n<\/div>\n<div id=\"comp-k2m69ciq__item1\" class=\"comp-k2m69ciq SPY_vo\">\n<div data-mesh-id=\"comp-k2m69ciq__item1inlineContent\" data-testid=\"inline-content\" class=\"\">\n<div data-mesh-id=\"comp-k2m69ciq__item1inlineContent-gridContainer\" data-testid=\"mesh-container-content\">\n<div id=\"comp-k2m69clp__item1\" class=\"HcOXKn SxM0TO QxJLC3 lq2cno YQcXTT comp-k2m69clp wixui-rich-text\" data-testid=\"richTextElement\">\n<p class=\"font_8 wixui-rich-text__text\">\n<\/div>\n<\/div>\n<\/div>\n<\/div>\n<p>[\/et_pb_text][et_pb_button button_url=\u00a0\u00bbhttps:\/\/montagne-escape.com\/contact\/\u00a0\u00bb button_text=\u00a0\u00bbR\u00e9server\u00a0\u00bb button_alignment=\u00a0\u00bbcenter\u00a0\u00bb admin_label=\u00a0\u00bbGallery Button\u00a0\u00bb _builder_version=\u00a0\u00bb4.27.4&Prime; custom_button=\u00a0\u00bbon\u00a0\u00bb button_text_color=\u00a0\u00bb#ffffff\u00a0\u00bb button_border_radius=\u00a0\u00bb5px\u00a0\u00bb button_letter_spacing=\u00a0\u00bb0px\u00a0\u00bb button_font=\u00a0\u00bbRoboto|700||on|||||\u00a0\u00bb button_icon=\u00a0\u00bb&#x24;||divi||400&Prime; button_icon_color=\u00a0\u00bb#1a1a1a\u00a0\u00bb custom_margin=\u00a0\u00bb28px|||||\u00a0\u00bb hover_enabled=\u00a0\u00bb0&Prime; button_border_color_hover=\u00a0\u00bb#1a1a1a\u00a0\u00bb button_border_radius_hover=\u00a0\u00bb0px\u00a0\u00bb button_letter_spacing_hover=\u00a0\u00bb4px\u00a0\u00bb button_bg_color_hover=\u00a0\u00bbrgba(0,0,0,0)\u00a0\u00bb locked=\u00a0\u00bboff\u00a0\u00bb global_colors_info=\u00a0\u00bb{}\u00a0\u00bb button_text_size__hover_enabled=\u00a0\u00bboff\u00a0\u00bb button_one_text_size__hover_enabled=\u00a0\u00bboff\u00a0\u00bb button_two_text_size__hover_enabled=\u00a0\u00bboff\u00a0\u00bb button_text_color__hover_enabled=\u00a0\u00bbon|hover\u00a0\u00bb button_one_text_color__hover_enabled=\u00a0\u00bboff\u00a0\u00bb button_two_text_color__hover_enabled=\u00a0\u00bboff\u00a0\u00bb button_border_width__hover_enabled=\u00a0\u00bboff\u00a0\u00bb button_one_border_width__hover_enabled=\u00a0\u00bboff\u00a0\u00bb button_two_border_width__hover_enabled=\u00a0\u00bboff\u00a0\u00bb button_border_color__hover_enabled=\u00a0\u00bbon\u00a0\u00bb button_border_color__hover=\u00a0\u00bb#04a450&Prime; button_one_border_color__hover_enabled=\u00a0\u00bboff\u00a0\u00bb button_two_border_color__hover_enabled=\u00a0\u00bboff\u00a0\u00bb button_border_radius__hover_enabled=\u00a0\u00bbon\u00a0\u00bb button_border_radius__hover=\u00a0\u00bb0px\u00a0\u00bb button_one_border_radius__hover_enabled=\u00a0\u00bboff\u00a0\u00bb button_two_border_radius__hover_enabled=\u00a0\u00bboff\u00a0\u00bb button_letter_spacing__hover_enabled=\u00a0\u00bbon\u00a0\u00bb button_letter_spacing__hover=\u00a0\u00bb4px\u00a0\u00bb button_one_letter_spacing__hover_enabled=\u00a0\u00bboff\u00a0\u00bb button_two_letter_spacing__hover_enabled=\u00a0\u00bboff\u00a0\u00bb button_bg_color__hover_enabled=\u00a0\u00bbon\u00a0\u00bb button_bg_color__hover=\u00a0\u00bbrgba(0,0,0,0)\u00a0\u00bb button_one_bg_color__hover_enabled=\u00a0\u00bboff\u00a0\u00bb button_two_bg_color__hover_enabled=\u00a0\u00bboff\u00a0\u00bb button_text_color__hover=\u00a0\u00bb#04a450&Prime; button_bg_color=\u00a0\u00bb#04a450&Prime; button_bg_enable_color=\u00a0\u00bbon\u00a0\u00bb button_border_width=\u00a0\u00bb-1px\u00a0\u00bb sticky_enabled=\u00a0\u00bb0&Prime;][\/et_pb_button][\/et_pb_column][\/et_pb_row][\/et_pb_section]<\/p>\n","protected":false},"excerpt":{"rendered":"<p>MAROC &#8211; Taghia et gorge de Todra :\u00a0ESCALADEA 1h de vol de l&rsquo;hexagone, venez, le temps d&rsquo;une semaine, vous d\u00e9payser dans une nature et des paysages mythiques. Cette r\u00e9gion de l&rsquo;Atlas bien sauvage est remplie de tours de calcaire. Le village de Taghia est le camp de base id\u00e9ale pour de l&rsquo;escalade en terrain d&rsquo;aventure [&hellip;]<\/p>\n","protected":false},"author":2,"featured_media":0,"parent":0,"menu_order":0,"comment_status":"closed","ping_status":"closed","template":"","meta":{"_et_pb_use_builder":"on","_et_pb_old_content":"","_et_gb_content_width":"","footnotes":""},"class_list":["post-722","page","type-page","status-publish","hentry"],"_links":{"self":[{"href":"https:\/\/montagne-escape.com\/en\/wp-json\/wp\/v2\/pages\/722","targetHints":{"allow":["GET"]}}],"collection":[{"href":"https:\/\/montagne-escape.com\/en\/wp-json\/wp\/v2\/pages"}],"about":[{"href":"https:\/\/montagne-escape.com\/en\/wp-json\/wp\/v2\/types\/page"}],"author":[{"embeddable":true,"href":"https:\/\/montagne-escape.com\/en\/wp-json\/wp\/v2\/users\/2"}],"replies":[{"embeddable":true,"href":"https:\/\/montagne-escape.com\/en\/wp-json\/wp\/v2\/comments?post=722"}],"version-history":[{"count":4,"href":"https:\/\/montagne-escape.com\/en\/wp-json\/wp\/v2\/pages\/722\/revisions"}],"predecessor-version":[{"id":1595,"href":"https:\/\/montagne-escape.com\/en\/wp-json\/wp\/v2\/pages\/722\/revisions\/1595"}],"wp:attachment":[{"href":"https:\/\/montagne-escape.com\/en\/wp-json\/wp\/v2\/media?parent=722"}],"curies":[{"name":"wp","href":"https:\/\/api.w.org\/{rel}","templated":true}]}}